{"id":153,"date":"2024-04-07T19:33:53","date_gmt":"2024-04-07T18:33:53","guid":{"rendered":"https:\/\/demo5.avtostoritve-kokalj.si\/?page_id=153"},"modified":"2024-04-07T19:33:53","modified_gmt":"2024-04-07T18:33:53","slug":"varstvo-osebnih-podatkov","status":"publish","type":"page","link":"https:\/\/avtostoritve-kokalj.si\/?page_id=153","title":{"rendered":"Varstvo osebnih podatkov"},"content":{"rendered":"\n<p>Spletno mesto Avtostoritve Kokalj zagotavlja visoko stopnjo varstva osebnih podatkov in spo\u0161tuje zasebnost svojih uporabnikov. Na\u0161e spletno mesto uporablja le funkcionalne pi\u0161kotke, ki so nujno potrebni za pravilno delovanje strani.<\/p>\n\n\n\n<p>Za zagotavljanje varnosti spletnega mesta in za\u0161\u010dito pred zlonamernimi dejavnostmi za\u010dasno hranimo dnevnike stre\u017enika. Ti dnevniki vsebujejo standardne podatke, kot so IP naslovi, vrste brskalnikov, \u010dasi dostopa in zahtevane strani, vendar se hranijo le za\u010dasno in se uporabljajo izklju\u010dno za namene identifikacije in prepre\u010devanja varnostnih tveganj. Dnevniki se redno in avtomati\u010dno izbri\u0161ejo.<\/p>\n","protected":false},"excerpt":{"rendered":"<p>Spletno mesto Avtostoritve Kokalj zagotavlja visoko stopnjo varstva osebnih podatkov in spo\u0161tuje zasebnost svojih uporabnikov. Na\u0161e spletno mesto uporablja le funkcionalne pi\u0161kotke, ki so nujno potrebni za pravilno delovanje strani. Za zagotavljanje varnosti spletnega mesta in za\u0161\u010dito pred zlonamernimi dejavnostmi za\u010dasno hranimo dnevnike stre\u017enika. Ti dnevniki vsebujejo standardne podatke, kot so IP naslovi, vrste brskalnikov, [&hellip;]<\/p>\n","protected":false},"author":1,"featured_media":0,"parent":0,"menu_order":0,"comment_status":"closed","ping_status":"closed","template":"","meta":{"footnotes":""},"_links":{"self":[{"href":"https:\/\/avtostoritve-kokalj.si\/index.php?rest_route=\/wp\/v2\/pages\/153"}],"collection":[{"href":"https:\/\/avtostoritve-kokalj.si\/index.php?rest_route=\/wp\/v2\/pages"}],"about":[{"href":"https:\/\/avtostoritve-kokalj.si\/index.php?rest_route=\/wp\/v2\/types\/page"}],"author":[{"embeddable":true,"href":"https:\/\/avtostoritve-kokalj.si\/index.php?rest_route=\/wp\/v2\/users\/1"}],"replies":[{"embeddable":true,"href":"https:\/\/avtostoritve-kokalj.si\/index.php?rest_route=%2Fwp%2Fv2%2Fcomments&post=153"}],"version-history":[{"count":1,"href":"https:\/\/avtostoritve-kokalj.si\/index.php?rest_route=\/wp\/v2\/pages\/153\/revisions"}],"predecessor-version":[{"id":154,"href":"https:\/\/avtostoritve-kokalj.si\/index.php?rest_route=\/wp\/v2\/pages\/153\/revisions\/154"}],"wp:attachment":[{"href":"https:\/\/avtostoritve-kokalj.si\/index.php?rest_route=%2Fwp%2Fv2%2Fmedia&parent=153"}],"curies":[{"name":"wp","href":"https:\/\/api.w.org\/{rel}","templated":true}]}}